{"id":14378,"date":"2019-05-24T08:43:46","date_gmt":"2019-05-24T08:43:46","guid":{"rendered":"http:\/\/www.taxin24torrevieja.com\/airport-service-rates-el-altet-alicante-elche\/"},"modified":"2019-05-29T10:14:43","modified_gmt":"2019-05-29T10:14:43","slug":"airport-service-rates-el-altet-alicante-elche","status":"publish","type":"page","link":"https:\/\/www.taxin24torrevieja.com\/en\/airport-service-rates-el-altet-alicante-elche\/","title":{"rendered":"Airport service rates El Altet, Alicante Elche"},"content":{"rendered":"\t\t<div data-elementor-type=\"wp-post\" data-elementor-id=\"14378\" class=\"elementor elementor-14378 elementor-13773\">\n\t\t\t\t\t\t<section class=\"elementor-section elementor-top-section elementor-element elementor-element-c27dcb3 elementor-section-boxed elementor-section-height-default elementor-section-height-default\" data-id=\"c27dcb3\" data-element_type=\"section\">\n\t\t\t\t\t\t<div class=\"elementor-container elementor-column-gap-default\">\n\t\t\t\t\t<div class=\"elementor-column elementor-col-100 elementor-top-column elementor-element elementor-element-f73fe6b\" data-id=\"f73fe6b\" data-element_type=\"column\">\n\t\t\t<div class=\"elementor-widget-wrap elementor-element-populated\">\n\t\t\t\t\t\t<div class=\"elementor-element elementor-element-5f0044d elementor-widget elementor-widget-image\" data-id=\"5f0044d\" data-element_type=\"widget\" data-widget_type=\"image.default\">\n\t\t\t\t<div class=\"elementor-widget-container\">\n\t\t\t\t\t\t\t\t\t\t\t\t\t\t\t<img decoding=\"async\" width=\"471\" height=\"57\" src=\"https:\/\/www.taxin24torrevieja.com\/wp-content\/uploads\/2019\/04\/M\u00e9todos-de-pago-taxi-torrevieja.jpg\" class=\"attachment-medium_large size-medium_large wp-image-14312\" alt=\"Payment methods taxi torrevieja. Card and Paypal\" srcset=\"https:\/\/www.taxin24torrevieja.com\/wp-content\/uploads\/2019\/04\/M\u00e9todos-de-pago-taxi-torrevieja.jpg 471w, https:\/\/www.taxin24torrevieja.com\/wp-content\/uploads\/2019\/04\/M\u00e9todos-de-pago-taxi-torrevieja-300x36.jpg 300w\" sizes=\"(max-width: 471px) 100vw, 471px\" \/>\t\t\t\t\t\t\t\t\t\t\t\t\t\t\t<\/div>\n\t\t\t\t<\/div>\n\t\t\t\t\t<\/div>\n\t\t<\/div>\n\t\t\t\t\t<\/div>\n\t\t<\/section>\n\t\t\t\t<section class=\"elementor-section elementor-top-section elementor-element elementor-element-3fc4d0e elementor-section-boxed elementor-section-height-default elementor-section-height-default\" data-id=\"3fc4d0e\" data-element_type=\"section\">\n\t\t\t\t\t\t<div class=\"elementor-container elementor-column-gap-default\">\n\t\t\t\t\t<div class=\"elementor-column elementor-col-100 elementor-top-column elementor-element elementor-element-598d4f5\" data-id=\"598d4f5\" data-element_type=\"column\">\n\t\t\t<div class=\"elementor-widget-wrap elementor-element-populated\">\n\t\t\t\t\t\t<div class=\"elementor-element elementor-element-17f37ee elementor-widget elementor-widget-text-editor\" data-id=\"17f37ee\" data-element_type=\"widget\" data-widget_type=\"text-editor.default\">\n\t\t\t\t<div class=\"elementor-widget-container\">\n\t\t\t\t\t\t\t\t\t<p>Airport service fees vary depending on pick-up or drop-off point within the Torrevieja area. There are three clearly different zones in the following map. They are Areas A, B and C.<\/p>\n\t\t\t\t\t\t\t\t<\/div>\n\t\t\t\t<\/div>\n\t\t\t\t\t<\/div>\n\t\t<\/div>\n\t\t\t\t\t<\/div>\n\t\t<\/section>\n\t\t\t\t<section class=\"elementor-section elementor-top-section elementor-element elementor-element-3ea05d9 elementor-section-boxed elementor-section-height-default elementor-section-height-default\" data-id=\"3ea05d9\" data-element_type=\"section\">\n\t\t\t\t\t\t<div class=\"elementor-container elementor-column-gap-default\">\n\t\t\t\t\t<div class=\"elementor-column elementor-col-100 elementor-top-column elementor-element elementor-element-a65fbbc\" data-id=\"a65fbbc\" data-element_type=\"column\">\n\t\t\t<div class=\"elementor-widget-wrap elementor-element-populated\">\n\t\t\t\t\t\t<div class=\"elementor-element elementor-element-c34b12b elementor-widget elementor-widget-image\" data-id=\"c34b12b\" data-element_type=\"widget\" data-widget_type=\"image.default\">\n\t\t\t\t<div class=\"elementor-widget-container\">\n\t\t\t\t\t\t\t\t\t\t\t\t\t\t\t<img fetchpriority=\"high\" decoding=\"async\" width=\"768\" height=\"473\" src=\"https:\/\/www.taxin24torrevieja.com\/wp-content\/uploads\/2019\/05\/planotorreviejaalicanteAREASABC-768x473.jpg\" class=\"attachment-medium_large size-medium_large wp-image-14423\" alt=\"Map areas Torrevieja. Airport Manises Valencia and Elche Alicante Taxi Service\" srcset=\"https:\/\/www.taxin24torrevieja.com\/wp-content\/uploads\/2019\/05\/planotorreviejaalicanteAREASABC-768x473.jpg 768w, https:\/\/www.taxin24torrevieja.com\/wp-content\/uploads\/2019\/05\/planotorreviejaalicanteAREASABC-300x185.jpg 300w, https:\/\/www.taxin24torrevieja.com\/wp-content\/uploads\/2019\/05\/planotorreviejaalicanteAREASABC.jpg 800w\" sizes=\"(max-width: 768px) 100vw, 768px\" \/>\t\t\t\t\t\t\t\t\t\t\t\t\t\t\t<\/div>\n\t\t\t\t<\/div>\n\t\t\t\t\t<\/div>\n\t\t<\/div>\n\t\t\t\t\t<\/div>\n\t\t<\/section>\n\t\t\t\t<section class=\"elementor-section elementor-top-section elementor-element elementor-element-4a56817 elementor-section-boxed elementor-section-height-default elementor-section-height-default\" data-id=\"4a56817\" data-element_type=\"section\">\n\t\t\t\t\t\t<div class=\"elementor-container elementor-column-gap-default\">\n\t\t\t\t\t<div class=\"elementor-column elementor-col-100 elementor-top-column elementor-element elementor-element-de30a64\" data-id=\"de30a64\" data-element_type=\"column\">\n\t\t\t<div class=\"elementor-widget-wrap elementor-element-populated\">\n\t\t\t\t\t\t<div class=\"elementor-element elementor-element-fb2016d elementor-widget elementor-widget-text-editor\" data-id=\"fb2016d\" data-element_type=\"widget\" data-widget_type=\"text-editor.default\">\n\t\t\t\t<div class=\"elementor-widget-container\">\n\t\t\t\t\t\t\t\t\t<p><strong>Area A:<\/strong>\u00a0Comprises the whole area starting at Mar Azul up to Los Balcones, Rocio del Mar, Los Altos, Miramar I, Miramar II, mirador de los Balcones, Lago sol, Lago Jardin I II III and IV.<\/p>\n\t\t\t\t\t\t\t\t<\/div>\n\t\t\t\t<\/div>\n\t\t\t\t\t<\/div>\n\t\t<\/div>\n\t\t\t\t\t<\/div>\n\t\t<\/section>\n\t\t\t\t<section class=\"elementor-section elementor-top-section elementor-element elementor-element-c9458f9 elementor-section-boxed elementor-section-height-default elementor-section-height-default\" data-id=\"c9458f9\" data-element_type=\"section\">\n\t\t\t\t\t\t<div class=\"elementor-container elementor-column-gap-default\">\n\t\t\t\t\t<div class=\"elementor-column elementor-col-100 elementor-top-column elementor-element elementor-element-056a6f9\" data-id=\"056a6f9\" data-element_type=\"column\">\n\t\t\t<div class=\"elementor-widget-wrap elementor-element-populated\">\n\t\t\t\t\t\t<div class=\"elementor-element elementor-element-1d2f73a elementor-widget elementor-widget-image\" data-id=\"1d2f73a\" data-element_type=\"widget\" data-widget_type=\"image.default\">\n\t\t\t\t<div class=\"elementor-widget-container\">\n\t\t\t\t\t\t\t\t\t\t\t\t\t\t\t<img decoding=\"async\" width=\"800\" height=\"684\" src=\"https:\/\/www.taxin24torrevieja.com\/wp-content\/uploads\/2019\/05\/PlanotorreviejaalicanteAREAA.jpg\" class=\"attachment-large size-large wp-image-14425\" alt=\"Map areas Torrevieja. Airport Manises Valencia and Elche Alicante Taxi Service\" srcset=\"https:\/\/www.taxin24torrevieja.com\/wp-content\/uploads\/2019\/05\/PlanotorreviejaalicanteAREAA.jpg 800w, https:\/\/www.taxin24torrevieja.com\/wp-content\/uploads\/2019\/05\/PlanotorreviejaalicanteAREAA-300x257.jpg 300w, https:\/\/www.taxin24torrevieja.com\/wp-content\/uploads\/2019\/05\/PlanotorreviejaalicanteAREAA-768x657.jpg 768w\" sizes=\"(max-width: 800px) 100vw, 800px\" \/>\t\t\t\t\t\t\t\t\t\t\t\t\t\t\t<\/div>\n\t\t\t\t<\/div>\n\t\t\t\t\t<\/div>\n\t\t<\/div>\n\t\t\t\t\t<\/div>\n\t\t<\/section>\n\t\t\t\t<section class=\"elementor-section elementor-top-section elementor-element elementor-element-fb45b71 elementor-section-boxed elementor-section-height-default elementor-section-height-default\" data-id=\"fb45b71\" data-element_type=\"section\">\n\t\t\t\t\t\t<div class=\"elementor-container elementor-column-gap-default\">\n\t\t\t\t\t<div class=\"elementor-column elementor-col-100 elementor-top-column elementor-element elementor-element-4c1f530\" data-id=\"4c1f530\" data-element_type=\"column\">\n\t\t\t<div class=\"elementor-widget-wrap elementor-element-populated\">\n\t\t\t\t\t\t<div class=\"elementor-element elementor-element-6cff6bb elementor-widget elementor-widget-text-editor\" data-id=\"6cff6bb\" data-element_type=\"widget\" data-widget_type=\"text-editor.default\">\n\t\t\t\t<div class=\"elementor-widget-container\">\n\t\t\t\t\t\t\t\t\t<p><strong>Area B:<\/strong>\u00a0Comprises the whole coastal area starting at Mar Azul up to Torre del Moro, Torrevieja town centre, covering the following urbanisations: Aguas Nuevas, Altos de la Bah\u00eda, Balc\u00f3n de Torrevieja, Torreblanca Marina,Torreta I, Torreta II, Torreta III, Torreta Florida, Torrealmendros, Jard\u00edn del Mar, Do\u00f1a In\u00e9s, Los Altos del Limonar, La siesta, San Luis and el Limonar.<\/p>\n\t\t\t\t\t\t\t\t<\/div>\n\t\t\t\t<\/div>\n\t\t\t\t\t<\/div>\n\t\t<\/div>\n\t\t\t\t\t<\/div>\n\t\t<\/section>\n\t\t\t\t<section class=\"elementor-section elementor-top-section elementor-element elementor-element-da17202 elementor-section-boxed elementor-section-height-default elementor-section-height-default\" data-id=\"da17202\" data-element_type=\"section\">\n\t\t\t\t\t\t<div class=\"elementor-container elementor-column-gap-default\">\n\t\t\t\t\t<div class=\"elementor-column elementor-col-100 elementor-top-column elementor-element elementor-element-a1056e6\" data-id=\"a1056e6\" data-element_type=\"column\">\n\t\t\t<div class=\"elementor-widget-wrap elementor-element-populated\">\n\t\t\t\t\t\t<div class=\"elementor-element elementor-element-3008d29 elementor-widget elementor-widget-image\" data-id=\"3008d29\" data-element_type=\"widget\" data-widget_type=\"image.default\">\n\t\t\t\t<div class=\"elementor-widget-container\">\n\t\t\t\t\t\t\t\t\t\t\t\t\t\t\t<img loading=\"lazy\" decoding=\"async\" width=\"800\" height=\"542\" src=\"https:\/\/www.taxin24torrevieja.com\/wp-content\/uploads\/2019\/05\/AREABIng.jpg\" class=\"attachment-large size-large wp-image-14427\" alt=\"Map areas Torrevieja. Airport Manises Valencia and Elche Alicante Taxi Service\" srcset=\"https:\/\/www.taxin24torrevieja.com\/wp-content\/uploads\/2019\/05\/AREABIng.jpg 800w, https:\/\/www.taxin24torrevieja.com\/wp-content\/uploads\/2019\/05\/AREABIng-300x203.jpg 300w, https:\/\/www.taxin24torrevieja.com\/wp-content\/uploads\/2019\/05\/AREABIng-768x520.jpg 768w\" sizes=\"(max-width: 800px) 100vw, 800px\" \/>\t\t\t\t\t\t\t\t\t\t\t\t\t\t\t<\/div>\n\t\t\t\t<\/div>\n\t\t\t\t\t<\/div>\n\t\t<\/div>\n\t\t\t\t\t<\/div>\n\t\t<\/section>\n\t\t\t\t<section class=\"elementor-section elementor-top-section elementor-element elementor-element-f5503cc elementor-section-boxed elementor-section-height-default elementor-section-height-default\" data-id=\"f5503cc\" data-element_type=\"section\">\n\t\t\t\t\t\t<div class=\"elementor-container elementor-column-gap-default\">\n\t\t\t\t\t<div class=\"elementor-column elementor-col-100 elementor-top-column elementor-element elementor-element-428fcd0\" data-id=\"428fcd0\" data-element_type=\"column\">\n\t\t\t<div class=\"elementor-widget-wrap elementor-element-populated\">\n\t\t\t\t\t\t<div class=\"elementor-element elementor-element-6fd79fb elementor-widget elementor-widget-text-editor\" data-id=\"6fd79fb\" data-element_type=\"widget\" data-widget_type=\"text-editor.default\">\n\t\t\t\t<div class=\"elementor-widget-container\">\n\t\t\t\t\t\t\t\t\t<p><strong>Area C:<\/strong>\u00a0Comprises the coastal area from the Masa Hotel and Torre del Moro up to the area of La Mata. This also includes the following urbanisations: Lomas de Mar, Parque mar I II III IV y V, and Puerto Romano.<\/p>\n\t\t\t\t\t\t\t\t<\/div>\n\t\t\t\t<\/div>\n\t\t\t\t\t<\/div>\n\t\t<\/div>\n\t\t\t\t\t<\/div>\n\t\t<\/section>\n\t\t\t\t<section class=\"elementor-section elementor-top-section elementor-element elementor-element-7136329 elementor-section-boxed elementor-section-height-default elementor-section-height-default\" data-id=\"7136329\" data-element_type=\"section\">\n\t\t\t\t\t\t<div class=\"elementor-container elementor-column-gap-default\">\n\t\t\t\t\t<div class=\"elementor-column elementor-col-100 elementor-top-column elementor-element elementor-element-542cd19\" data-id=\"542cd19\" data-element_type=\"column\">\n\t\t\t<div class=\"elementor-widget-wrap elementor-element-populated\">\n\t\t\t\t\t\t<div class=\"elementor-element elementor-element-8ba10f5 elementor-widget elementor-widget-image\" data-id=\"8ba10f5\" data-element_type=\"widget\" data-widget_type=\"image.default\">\n\t\t\t\t<div class=\"elementor-widget-container\">\n\t\t\t\t\t\t\t\t\t\t\t\t\t\t\t<img loading=\"lazy\" decoding=\"async\" width=\"774\" height=\"1024\" src=\"https:\/\/www.taxin24torrevieja.com\/wp-content\/uploads\/2019\/05\/planotorreviejaalicanteAREACII-774x1024.jpg\" class=\"attachment-large size-large wp-image-14429\" alt=\"Map areas Torrevieja. Airport Manises Valencia and Elche Alicante Taxi Service\" srcset=\"https:\/\/www.taxin24torrevieja.com\/wp-content\/uploads\/2019\/05\/planotorreviejaalicanteAREACII-774x1024.jpg 774w, https:\/\/www.taxin24torrevieja.com\/wp-content\/uploads\/2019\/05\/planotorreviejaalicanteAREACII-227x300.jpg 227w, https:\/\/www.taxin24torrevieja.com\/wp-content\/uploads\/2019\/05\/planotorreviejaalicanteAREACII-768x1017.jpg 768w, https:\/\/www.taxin24torrevieja.com\/wp-content\/uploads\/2019\/05\/planotorreviejaalicanteAREACII.jpg 800w\" sizes=\"(max-width: 774px) 100vw, 774px\" \/>\t\t\t\t\t\t\t\t\t\t\t\t\t\t\t<\/div>\n\t\t\t\t<\/div>\n\t\t\t\t\t<\/div>\n\t\t<\/div>\n\t\t\t\t\t<\/div>\n\t\t<\/section>\n\t\t\t\t<section class=\"elementor-section elementor-top-section elementor-element elementor-element-ae8f5f9 elementor-section-boxed elementor-section-height-default elementor-section-height-default\" data-id=\"ae8f5f9\" data-element_type=\"section\">\n\t\t\t\t\t\t<div class=\"elementor-container elementor-column-gap-default\">\n\t\t\t\t\t<div class=\"elementor-column elementor-col-100 elementor-top-column elementor-element elementor-element-e7193ec\" data-id=\"e7193ec\" data-element_type=\"column\">\n\t\t\t<div class=\"elementor-widget-wrap\">\n\t\t\t\t\t\t\t<\/div>\n\t\t<\/div>\n\t\t\t\t\t<\/div>\n\t\t<\/section>\n\t\t\t\t<section class=\"elementor-section elementor-top-section elementor-element elementor-element-f9ed15f elementor-section-boxed elementor-section-height-default elementor-section-height-default\" data-id=\"f9ed15f\" data-element_type=\"section\">\n\t\t\t\t\t\t<div class=\"elementor-container elementor-column-gap-default\">\n\t\t\t\t\t<div class=\"elementor-column elementor-col-100 elementor-top-column elementor-element elementor-element-8f46db3\" data-id=\"8f46db3\" data-element_type=\"column\">\n\t\t\t<div class=\"elementor-widget-wrap elementor-element-populated\">\n\t\t\t\t\t\t<div class=\"elementor-element elementor-element-eb3dc61 elementor-widget elementor-widget-shortcode\" data-id=\"eb3dc61\" data-element_type=\"widget\" data-widget_type=\"shortcode.default\">\n\t\t\t\t<div class=\"elementor-widget-container\">\n\t\t\t\t\t\t\t<div class=\"elementor-shortcode\">\n<table id=\"tablepress-4\" class=\"tablepress tablepress-id-4\">\n<tbody class=\"row-hover\">\n<tr class=\"row-1\">\n\t<td class=\"column-1\"><\/td><td class=\"column-2\"><b><center><p style=\"color:#3056bf\";>DAY<\/p><\/center><\/b><\/td><td class=\"column-3\"><b><center><p style=\"color:#3056bf\";>NIGHT &amp; BANK H.<\/p><\/center><\/b><\/td>\n<\/tr>\n<tr class=\"row-2\">\n\t<td class=\"column-1\"><b><center><p style=\"color:#3056bf\";>AREA A<\/p><\/center><\/b><\/td><td class=\"column-2\"><b><center><p style=\"color:#ff0000\";>90 \u20ac<\/p><\/center><\/b><\/td><td class=\"column-3\"><b><center><p style=\"color:#ff0000\";>100 \u20ac<\/p><\/center><\/b><\/td>\n<\/tr>\n<tr class=\"row-3\">\n\t<td class=\"column-1\"><b><center><p style=\"color:#3056bf\";>AREA B<\/p><\/center><\/b><\/td><td class=\"column-2\"><b><center><p style=\"color:#ff0000\";>85 \u20ac<\/p><\/center><\/b><\/td><td class=\"column-3\"><b><center><p style=\"color:#ff0000\";>95 \u20ac<\/p><\/center><\/b><\/td>\n<\/tr>\n<tr class=\"row-4\">\n\t<td class=\"column-1\"><b><center><p style=\"color:#3056bf\";>AREA C<\/p><\/center><\/b><\/td><td class=\"column-2\"><b><center><p style=\"color:#ff0000\";>80 \u20ac<\/p><\/center><\/b><\/td><td class=\"column-3\"><b><center><p style=\"color:#ff0000\";>90 \u20ac<\/p><\/center><\/b><\/td>\n<\/tr>\n<\/tbody>\n<\/table>\n<!-- #tablepress-4 from cache --><\/div>\n\t\t\t\t\t\t<\/div>\n\t\t\t\t<\/div>\n\t\t\t\t\t<\/div>\n\t\t<\/div>\n\t\t\t\t\t<\/div>\n\t\t<\/section>\n\t\t\t\t<section class=\"elementor-section elementor-top-section elementor-element elementor-element-777f992 elementor-section-boxed elementor-section-height-default elementor-section-height-default\" data-id=\"777f992\" data-element_type=\"section\">\n\t\t\t\t\t\t<div class=\"elementor-container elementor-column-gap-default\">\n\t\t\t\t\t<div class=\"elementor-column elementor-col-100 elementor-top-column elementor-element elementor-element-4c2d941\" data-id=\"4c2d941\" data-element_type=\"column\">\n\t\t\t<div class=\"elementor-widget-wrap elementor-element-populated\">\n\t\t\t\t\t\t<div class=\"elementor-element elementor-element-cdf5b1e elementor-widget elementor-widget-heading\" data-id=\"cdf5b1e\" data-element_type=\"widget\" data-widget_type=\"heading.default\">\n\t\t\t\t<div class=\"elementor-widget-container\">\n\t\t\t\t\t<h2 class=\"elementor-heading-title elementor-size-default\">APPROXIMATE TAXIMETER PRICE<\/h2>\t\t\t\t<\/div>\n\t\t\t\t<\/div>\n\t\t\t\t\t<\/div>\n\t\t<\/div>\n\t\t\t\t\t<\/div>\n\t\t<\/section>\n\t\t\t\t<section class=\"elementor-section elementor-top-section elementor-element elementor-element-81057b7 elementor-section-boxed elementor-section-height-default elementor-section-height-default\" data-id=\"81057b7\" data-element_type=\"section\">\n\t\t\t\t\t\t<div class=\"elementor-container elementor-column-gap-default\">\n\t\t\t\t\t<div class=\"elementor-column elementor-col-100 elementor-top-column elementor-element elementor-element-1c1e50d\" data-id=\"1c1e50d\" data-element_type=\"column\">\n\t\t\t<div class=\"elementor-widget-wrap elementor-element-populated\">\n\t\t\t\t\t\t<div class=\"elementor-element elementor-element-0423693 elementor-align-center elementor-widget elementor-widget-button\" data-id=\"0423693\" data-element_type=\"widget\" data-widget_type=\"button.default\">\n\t\t\t\t<div class=\"elementor-widget-container\">\n\t\t\t\t\t\t\t\t\t<div class=\"elementor-button-wrapper\">\n\t\t\t\t\t<a class=\"elementor-button elementor-button-link elementor-size-md\" href=\"http:\/\/www.taxin24torrevieja.com\/en\/book-taxi-airport-el-altet-alicante-elche-torrevieja\/\">\n\t\t\t\t\t\t<span class=\"elementor-button-content-wrapper\">\n\t\t\t\t\t\t\t\t\t<span class=\"elementor-button-text\">Reservation Contract for airport pick-up in EL ALTET, ALICANTE ELCHE.<\/span>\n\t\t\t\t\t<\/span>\n\t\t\t\t\t<\/a>\n\t\t\t\t<\/div>\n\t\t\t\t\t\t\t\t<\/div>\n\t\t\t\t<\/div>\n\t\t\t\t\t<\/div>\n\t\t<\/div>\n\t\t\t\t\t<\/div>\n\t\t<\/section>\n\t\t\t\t<\/div>\n\t\t","protected":false},"excerpt":{"rendered":"<p>Airport service fees vary depending on pick-up or drop-off point within the Torrevieja area. There are three clearly different zones in the following map. They are Areas A, B and C. Area A:&nbsp;Comprises the whole area starting at Mar Azul up to Los Balcones, Rocio del Mar, Los Altos, Miramar I, Miramar II, mirador de &#8230; <a title=\"Airport service rates El Altet, Alicante Elche\" class=\"read-more\" href=\"https:\/\/www.taxin24torrevieja.com\/en\/airport-service-rates-el-altet-alicante-elche\/\" aria-label=\"More on Airport service rates El Altet, Alicante Elche\">Read more<\/a><\/p>\n","protected":false},"author":2,"featured_media":14318,"parent":0,"menu_order":0,"comment_status":"closed","ping_status":"closed","template":"","meta":{"footnotes":""},"class_list":{"0":"post-14378","1":"page","2":"type-page","3":"status-publish","4":"has-post-thumbnail","6":"no-featured-image-padding"},"_links":{"self":[{"href":"https:\/\/www.taxin24torrevieja.com\/en\/wp-json\/wp\/v2\/pages\/14378","targetHints":{"allow":["GET"]}}],"collection":[{"href":"https:\/\/www.taxin24torrevieja.com\/en\/wp-json\/wp\/v2\/pages"}],"about":[{"href":"https:\/\/www.taxin24torrevieja.com\/en\/wp-json\/wp\/v2\/types\/page"}],"author":[{"embeddable":true,"href":"https:\/\/www.taxin24torrevieja.com\/en\/wp-json\/wp\/v2\/users\/2"}],"replies":[{"embeddable":true,"href":"https:\/\/www.taxin24torrevieja.com\/en\/wp-json\/wp\/v2\/comments?post=14378"}],"version-history":[{"count":6,"href":"https:\/\/www.taxin24torrevieja.com\/en\/wp-json\/wp\/v2\/pages\/14378\/revisions"}],"predecessor-version":[{"id":14432,"href":"https:\/\/www.taxin24torrevieja.com\/en\/wp-json\/wp\/v2\/pages\/14378\/revisions\/14432"}],"wp:featuredmedia":[{"embeddable":true,"href":"https:\/\/www.taxin24torrevieja.com\/en\/wp-json\/wp\/v2\/media\/14318"}],"wp:attachment":[{"href":"https:\/\/www.taxin24torrevieja.com\/en\/wp-json\/wp\/v2\/media?parent=14378"}],"curies":[{"name":"wp","href":"https:\/\/api.w.org\/{rel}","templated":true}]}}