{"id":14386,"date":"2019-05-24T09:22:08","date_gmt":"2019-05-24T09:22:08","guid":{"rendered":"http:\/\/www.taxin24torrevieja.com\/airport-service-rates-corvera-murcia\/"},"modified":"2019-05-29T10:12:17","modified_gmt":"2019-05-29T10:12:17","slug":"airport-service-rates-corvera-murcia","status":"publish","type":"page","link":"https:\/\/www.taxin24torrevieja.com\/en\/airport-service-rates-corvera-murcia\/","title":{"rendered":"Airport service rates Corvera Murcia"},"content":{"rendered":"\t\t<div data-elementor-type=\"wp-post\" data-elementor-id=\"14386\" class=\"elementor elementor-14386 elementor-13775\">\n\t\t\t\t\t\t<section class=\"elementor-section elementor-top-section elementor-element elementor-element-206a711c elementor-section-boxed elementor-section-height-default elementor-section-height-default\" data-id=\"206a711c\" data-element_type=\"section\">\n\t\t\t\t\t\t<div class=\"elementor-container elementor-column-gap-default\">\n\t\t\t\t\t<div class=\"elementor-column elementor-col-100 elementor-top-column elementor-element elementor-element-7c85a6d7\" data-id=\"7c85a6d7\" data-element_type=\"column\">\n\t\t\t<div class=\"elementor-widget-wrap elementor-element-populated\">\n\t\t\t\t\t\t<div class=\"elementor-element elementor-element-10140fab elementor-widget elementor-widget-image\" data-id=\"10140fab\" data-element_type=\"widget\" data-widget_type=\"image.default\">\n\t\t\t\t<div class=\"elementor-widget-container\">\n\t\t\t\t\t\t\t\t\t\t\t\t\t\t\t<img decoding=\"async\" width=\"471\" height=\"57\" src=\"https:\/\/www.taxin24torrevieja.com\/wp-content\/uploads\/2019\/04\/M\u00e9todos-de-pago-taxi-torrevieja.jpg\" class=\"attachment-medium_large size-medium_large wp-image-14312\" alt=\"Payment methods taxi torrevieja. Card and Paypal\" srcset=\"https:\/\/www.taxin24torrevieja.com\/wp-content\/uploads\/2019\/04\/M\u00e9todos-de-pago-taxi-torrevieja.jpg 471w, https:\/\/www.taxin24torrevieja.com\/wp-content\/uploads\/2019\/04\/M\u00e9todos-de-pago-taxi-torrevieja-300x36.jpg 300w\" sizes=\"(max-width: 471px) 100vw, 471px\" \/>\t\t\t\t\t\t\t\t\t\t\t\t\t\t\t<\/div>\n\t\t\t\t<\/div>\n\t\t\t\t\t<\/div>\n\t\t<\/div>\n\t\t\t\t\t<\/div>\n\t\t<\/section>\n\t\t\t\t<section class=\"elementor-section elementor-top-section elementor-element elementor-element-4810b82d elementor-section-boxed elementor-section-height-default elementor-section-height-default\" data-id=\"4810b82d\" data-element_type=\"section\">\n\t\t\t\t\t\t<div class=\"elementor-container elementor-column-gap-default\">\n\t\t\t\t\t<div class=\"elementor-column elementor-col-100 elementor-top-column elementor-element elementor-element-410dbdf1\" data-id=\"410dbdf1\" data-element_type=\"column\">\n\t\t\t<div class=\"elementor-widget-wrap elementor-element-populated\">\n\t\t\t\t\t\t<div class=\"elementor-element elementor-element-6f4889b9 elementor-widget elementor-widget-text-editor\" data-id=\"6f4889b9\" data-element_type=\"widget\" data-widget_type=\"text-editor.default\">\n\t\t\t\t<div class=\"elementor-widget-container\">\n\t\t\t\t\t\t\t\t\t<p>Airport service fees vary depending on pick up point or destination point within the Torrevieja area. There are three clearly different zones in the following map. They are Areas A, B and C.<\/p>\n\t\t\t\t\t\t\t\t<\/div>\n\t\t\t\t<\/div>\n\t\t\t\t\t<\/div>\n\t\t<\/div>\n\t\t\t\t\t<\/div>\n\t\t<\/section>\n\t\t\t\t<section class=\"elementor-section elementor-top-section elementor-element elementor-element-33960139 elementor-section-boxed elementor-section-height-default elementor-section-height-default\" data-id=\"33960139\" data-element_type=\"section\">\n\t\t\t\t\t\t<div class=\"elementor-container elementor-column-gap-default\">\n\t\t\t\t\t<div class=\"elementor-column elementor-col-100 elementor-top-column elementor-element elementor-element-2b2bb8ee\" data-id=\"2b2bb8ee\" data-element_type=\"column\">\n\t\t\t<div class=\"elementor-widget-wrap elementor-element-populated\">\n\t\t\t\t\t\t<div class=\"elementor-element elementor-element-60d3710 elementor-widget elementor-widget-image\" data-id=\"60d3710\" data-element_type=\"widget\" data-widget_type=\"image.default\">\n\t\t\t\t<div class=\"elementor-widget-container\">\n\t\t\t\t\t\t\t\t\t\t\t\t\t\t\t<img fetchpriority=\"high\" decoding=\"async\" width=\"800\" height=\"487\" src=\"https:\/\/www.taxin24torrevieja.com\/wp-content\/uploads\/2019\/05\/planotorreviejamurciaareasABC.jpg\" class=\"attachment-large size-large wp-image-14411\" alt=\"Map areas Torrevieja. Airport Corvera Murcia Taxi Service\" srcset=\"https:\/\/www.taxin24torrevieja.com\/wp-content\/uploads\/2019\/05\/planotorreviejamurciaareasABC.jpg 800w, https:\/\/www.taxin24torrevieja.com\/wp-content\/uploads\/2019\/05\/planotorreviejamurciaareasABC-300x183.jpg 300w, https:\/\/www.taxin24torrevieja.com\/wp-content\/uploads\/2019\/05\/planotorreviejamurciaareasABC-768x468.jpg 768w\" sizes=\"(max-width: 800px) 100vw, 800px\" \/>\t\t\t\t\t\t\t\t\t\t\t\t\t\t\t<\/div>\n\t\t\t\t<\/div>\n\t\t\t\t\t<\/div>\n\t\t<\/div>\n\t\t\t\t\t<\/div>\n\t\t<\/section>\n\t\t\t\t<section class=\"elementor-section elementor-top-section elementor-element elementor-element-3ee2678 elementor-section-boxed elementor-section-height-default elementor-section-height-default\" data-id=\"3ee2678\" data-element_type=\"section\">\n\t\t\t\t\t\t<div class=\"elementor-container elementor-column-gap-default\">\n\t\t\t\t\t<div class=\"elementor-column elementor-col-100 elementor-top-column elementor-element elementor-element-727a0b1c\" data-id=\"727a0b1c\" data-element_type=\"column\">\n\t\t\t<div class=\"elementor-widget-wrap elementor-element-populated\">\n\t\t\t\t\t\t<div class=\"elementor-element elementor-element-634e14c4 elementor-widget elementor-widget-text-editor\" data-id=\"634e14c4\" data-element_type=\"widget\" data-widget_type=\"text-editor.default\">\n\t\t\t\t<div class=\"elementor-widget-container\">\n\t\t\t\t\t\t\t\t\t<p><strong>Area A:<\/strong>\u00a0Comprises the whole area starting at Puente de la Sal up to Los Balcones, Rocio del Mar, Los Altos, Miramar I, Miramar II, mirador de los Balcones, Lago sol, Lago Jardin I II III and IV.<\/p>\n\t\t\t\t\t\t\t\t<\/div>\n\t\t\t\t<\/div>\n\t\t\t\t\t<\/div>\n\t\t<\/div>\n\t\t\t\t\t<\/div>\n\t\t<\/section>\n\t\t\t\t<section class=\"elementor-section elementor-top-section elementor-element elementor-element-21b5a19a elementor-section-boxed elementor-section-height-default elementor-section-height-default\" data-id=\"21b5a19a\" data-element_type=\"section\">\n\t\t\t\t\t\t<div class=\"elementor-container elementor-column-gap-default\">\n\t\t\t\t\t<div class=\"elementor-column elementor-col-100 elementor-top-column elementor-element elementor-element-4034f79\" data-id=\"4034f79\" data-element_type=\"column\">\n\t\t\t<div class=\"elementor-widget-wrap elementor-element-populated\">\n\t\t\t\t\t\t<div class=\"elementor-element elementor-element-db5a310 elementor-widget elementor-widget-image\" data-id=\"db5a310\" data-element_type=\"widget\" data-widget_type=\"image.default\">\n\t\t\t\t<div class=\"elementor-widget-container\">\n\t\t\t\t\t\t\t\t\t\t\t\t\t\t\t<img decoding=\"async\" width=\"800\" height=\"645\" src=\"https:\/\/www.taxin24torrevieja.com\/wp-content\/uploads\/2019\/05\/planotorreviejamurciaAREAA.jpg\" class=\"attachment-large size-large wp-image-14414\" alt=\"Map areas Torrevieja. Airport Corvera Murcia Taxi Service\" srcset=\"https:\/\/www.taxin24torrevieja.com\/wp-content\/uploads\/2019\/05\/planotorreviejamurciaAREAA.jpg 800w, https:\/\/www.taxin24torrevieja.com\/wp-content\/uploads\/2019\/05\/planotorreviejamurciaAREAA-300x242.jpg 300w, https:\/\/www.taxin24torrevieja.com\/wp-content\/uploads\/2019\/05\/planotorreviejamurciaAREAA-768x619.jpg 768w\" sizes=\"(max-width: 800px) 100vw, 800px\" \/>\t\t\t\t\t\t\t\t\t\t\t\t\t\t\t<\/div>\n\t\t\t\t<\/div>\n\t\t\t\t\t<\/div>\n\t\t<\/div>\n\t\t\t\t\t<\/div>\n\t\t<\/section>\n\t\t\t\t<section class=\"elementor-section elementor-top-section elementor-element elementor-element-1931defa elementor-section-boxed elementor-section-height-default elementor-section-height-default\" data-id=\"1931defa\" data-element_type=\"section\">\n\t\t\t\t\t\t<div class=\"elementor-container elementor-column-gap-default\">\n\t\t\t\t\t<div class=\"elementor-column elementor-col-100 elementor-top-column elementor-element elementor-element-349b83de\" data-id=\"349b83de\" data-element_type=\"column\">\n\t\t\t<div class=\"elementor-widget-wrap elementor-element-populated\">\n\t\t\t\t\t\t<div class=\"elementor-element elementor-element-511feaa5 elementor-widget elementor-widget-text-editor\" data-id=\"511feaa5\" data-element_type=\"widget\" data-widget_type=\"text-editor.default\">\n\t\t\t\t<div class=\"elementor-widget-container\">\n\t\t\t\t\t\t\t\t\t<p><strong>Area B:<\/strong>\u00a0Comprises the\u00a0whole\u00a0coastal area starting at Puente de la Sal up to Torre del Moro, Torrevieja town centre, covering the following urbanisations: Aguas Nuevas, Altos de la Bah\u00eda, Balc\u00f3n de Torrevieja, Torreblanca Marina,Torreta I, Torreta II, Torreta III, Torreta Florida, Torrealmendros, Jard\u00edn del Mar, Do\u00f1a In\u00e9s, Los Altos del Limonar, La siesta, San Luis and el Limonar.<\/p>\n\t\t\t\t\t\t\t\t<\/div>\n\t\t\t\t<\/div>\n\t\t\t\t\t<\/div>\n\t\t<\/div>\n\t\t\t\t\t<\/div>\n\t\t<\/section>\n\t\t\t\t<section class=\"elementor-section elementor-top-section elementor-element elementor-element-1c37ec1a elementor-section-boxed elementor-section-height-default elementor-section-height-default\" data-id=\"1c37ec1a\" data-element_type=\"section\">\n\t\t\t\t\t\t<div class=\"elementor-container elementor-column-gap-default\">\n\t\t\t\t\t<div class=\"elementor-column elementor-col-100 elementor-top-column elementor-element elementor-element-476010b2\" data-id=\"476010b2\" data-element_type=\"column\">\n\t\t\t<div class=\"elementor-widget-wrap elementor-element-populated\">\n\t\t\t\t\t\t<div class=\"elementor-element elementor-element-7fba1d5b elementor-widget elementor-widget-image\" data-id=\"7fba1d5b\" data-element_type=\"widget\" data-widget_type=\"image.default\">\n\t\t\t\t<div class=\"elementor-widget-container\">\n\t\t\t\t\t\t\t\t\t\t\t\t\t\t\t<img loading=\"lazy\" decoding=\"async\" width=\"800\" height=\"667\" src=\"https:\/\/www.taxin24torrevieja.com\/wp-content\/uploads\/2019\/05\/planotorreviejamurciaAREAB.jpg\" class=\"attachment-large size-large wp-image-14416\" alt=\"\" srcset=\"https:\/\/www.taxin24torrevieja.com\/wp-content\/uploads\/2019\/05\/planotorreviejamurciaAREAB.jpg 800w, https:\/\/www.taxin24torrevieja.com\/wp-content\/uploads\/2019\/05\/planotorreviejamurciaAREAB-300x250.jpg 300w, https:\/\/www.taxin24torrevieja.com\/wp-content\/uploads\/2019\/05\/planotorreviejamurciaAREAB-768x640.jpg 768w\" sizes=\"(max-width: 800px) 100vw, 800px\" \/>\t\t\t\t\t\t\t\t\t\t\t\t\t\t\t<\/div>\n\t\t\t\t<\/div>\n\t\t\t\t\t<\/div>\n\t\t<\/div>\n\t\t\t\t\t<\/div>\n\t\t<\/section>\n\t\t\t\t<section class=\"elementor-section elementor-top-section elementor-element elementor-element-26ad075f elementor-section-boxed elementor-section-height-default elementor-section-height-default\" data-id=\"26ad075f\" data-element_type=\"section\">\n\t\t\t\t\t\t<div class=\"elementor-container elementor-column-gap-default\">\n\t\t\t\t\t<div class=\"elementor-column elementor-col-100 elementor-top-column elementor-element elementor-element-61bfa7b5\" data-id=\"61bfa7b5\" data-element_type=\"column\">\n\t\t\t<div class=\"elementor-widget-wrap elementor-element-populated\">\n\t\t\t\t\t\t<div class=\"elementor-element elementor-element-6a005ca0 elementor-widget elementor-widget-text-editor\" data-id=\"6a005ca0\" data-element_type=\"widget\" data-widget_type=\"text-editor.default\">\n\t\t\t\t<div class=\"elementor-widget-container\">\n\t\t\t\t\t\t\t\t\t<p><strong>Area C:<\/strong>\u00a0Comprises the coastal area from the Masa Hotel and Torre del Moro up to the area of La Mata. This also includes the following urbanisations: Lomas de Mar, Parque mar I II III IV y V, and Puerto Romano.<\/p>\n\t\t\t\t\t\t\t\t<\/div>\n\t\t\t\t<\/div>\n\t\t\t\t\t<\/div>\n\t\t<\/div>\n\t\t\t\t\t<\/div>\n\t\t<\/section>\n\t\t\t\t<section class=\"elementor-section elementor-top-section elementor-element elementor-element-39b13a24 elementor-section-boxed elementor-section-height-default elementor-section-height-default\" data-id=\"39b13a24\" data-element_type=\"section\">\n\t\t\t\t\t\t<div class=\"elementor-container elementor-column-gap-default\">\n\t\t\t\t\t<div class=\"elementor-column elementor-col-100 elementor-top-column elementor-element elementor-element-2d6da9d\" data-id=\"2d6da9d\" data-element_type=\"column\">\n\t\t\t<div class=\"elementor-widget-wrap elementor-element-populated\">\n\t\t\t\t\t\t<div class=\"elementor-element elementor-element-714d9ecb elementor-widget elementor-widget-image\" data-id=\"714d9ecb\" data-element_type=\"widget\" data-widget_type=\"image.default\">\n\t\t\t\t<div class=\"elementor-widget-container\">\n\t\t\t\t\t\t\t\t\t\t\t\t\t\t\t<img loading=\"lazy\" decoding=\"async\" width=\"750\" height=\"1024\" src=\"https:\/\/www.taxin24torrevieja.com\/wp-content\/uploads\/2019\/05\/planotorreviejamurciaAREAC-750x1024.jpg\" class=\"attachment-large size-large wp-image-14418\" alt=\"\" srcset=\"https:\/\/www.taxin24torrevieja.com\/wp-content\/uploads\/2019\/05\/planotorreviejamurciaAREAC-750x1024.jpg 750w, https:\/\/www.taxin24torrevieja.com\/wp-content\/uploads\/2019\/05\/planotorreviejamurciaAREAC-220x300.jpg 220w, https:\/\/www.taxin24torrevieja.com\/wp-content\/uploads\/2019\/05\/planotorreviejamurciaAREAC-768x1048.jpg 768w, https:\/\/www.taxin24torrevieja.com\/wp-content\/uploads\/2019\/05\/planotorreviejamurciaAREAC.jpg 800w\" sizes=\"(max-width: 750px) 100vw, 750px\" \/>\t\t\t\t\t\t\t\t\t\t\t\t\t\t\t<\/div>\n\t\t\t\t<\/div>\n\t\t\t\t\t<\/div>\n\t\t<\/div>\n\t\t\t\t\t<\/div>\n\t\t<\/section>\n\t\t\t\t<section class=\"elementor-section elementor-top-section elementor-element elementor-element-27b467f2 elementor-section-boxed elementor-section-height-default elementor-section-height-default\" data-id=\"27b467f2\" data-element_type=\"section\">\n\t\t\t\t\t\t<div class=\"elementor-container elementor-column-gap-default\">\n\t\t\t\t\t<div class=\"elementor-column elementor-col-100 elementor-top-column elementor-element elementor-element-6e0dddc3\" data-id=\"6e0dddc3\" data-element_type=\"column\">\n\t\t\t<div class=\"elementor-widget-wrap\">\n\t\t\t\t\t\t\t<\/div>\n\t\t<\/div>\n\t\t\t\t\t<\/div>\n\t\t<\/section>\n\t\t\t\t<section class=\"elementor-section elementor-top-section elementor-element elementor-element-7a843cab elementor-section-boxed elementor-section-height-default elementor-section-height-default\" data-id=\"7a843cab\" data-element_type=\"section\">\n\t\t\t\t\t\t<div class=\"elementor-container elementor-column-gap-default\">\n\t\t\t\t\t<div class=\"elementor-column elementor-col-100 elementor-top-column elementor-element elementor-element-2e23c3c7\" data-id=\"2e23c3c7\" data-element_type=\"column\">\n\t\t\t<div class=\"elementor-widget-wrap elementor-element-populated\">\n\t\t\t\t\t\t<div class=\"elementor-element elementor-element-2b8f353d elementor-widget elementor-widget-shortcode\" data-id=\"2b8f353d\" data-element_type=\"widget\" data-widget_type=\"shortcode.default\">\n\t\t\t\t<div class=\"elementor-widget-container\">\n\t\t\t\t\t\t\t<div class=\"elementor-shortcode\">\n<table id=\"tablepress-6\" class=\"tablepress tablepress-id-6\">\n<tbody class=\"row-hover\">\n<tr class=\"row-1\">\n\t<td class=\"column-1\"><\/td><td class=\"column-2\"><b><center><p style=\"color:#3056bf\";>DAY<\/p><\/center><\/b><\/td><td class=\"column-3\"><b><center><p style=\"color:#3056bf\";>NIGHT &amp; BANK H.<\/p><\/center><\/b><\/td>\n<\/tr>\n<tr class=\"row-2\">\n\t<td class=\"column-1\"><b><center><p style=\"color:#3056bf\";>AREA A<\/p><\/center><\/b><\/td><td class=\"column-2\"><b><center><p style=\"color:#ff0000\";>105 \u20ac<\/p><\/center><\/b><\/td><td class=\"column-3\"><b><center><p style=\"color:#ff0000\";>120 \u20ac<\/p><\/center><\/b><\/td>\n<\/tr>\n<tr class=\"row-3\">\n\t<td class=\"column-1\"><b><center><p style=\"color:#3056bf\";>AREA B<\/p><\/center><\/b><\/td><td class=\"column-2\"><b><center><p style=\"color:#ff0000\";>115 \u20ac<\/p><\/center><\/b><\/td><td class=\"column-3\"><b><center><p style=\"color:#ff0000\";>130 \u20ac<\/p><\/center><\/b><\/td>\n<\/tr>\n<tr class=\"row-4\">\n\t<td class=\"column-1\"><b><center><p style=\"color:#3056bf\";>AREA C<\/p><\/center><\/b><\/td><td class=\"column-2\"><b><center><p style=\"color:#ff0000\";>125 \u20ac<\/p><\/center><\/b><\/td><td class=\"column-3\"><b><center><p style=\"color:#ff0000\";>140 \u20ac<\/p><\/center><\/b><\/td>\n<\/tr>\n<\/tbody>\n<\/table>\n<!-- #tablepress-6 from cache --><\/div>\n\t\t\t\t\t\t<\/div>\n\t\t\t\t<\/div>\n\t\t\t\t\t<\/div>\n\t\t<\/div>\n\t\t\t\t\t<\/div>\n\t\t<\/section>\n\t\t\t\t<section class=\"elementor-section elementor-top-section elementor-element elementor-element-49f4fcb1 elementor-section-boxed elementor-section-height-default elementor-section-height-default\" data-id=\"49f4fcb1\" data-element_type=\"section\">\n\t\t\t\t\t\t<div class=\"elementor-container elementor-column-gap-default\">\n\t\t\t\t\t<div class=\"elementor-column elementor-col-100 elementor-top-column elementor-element elementor-element-46de1ae0\" data-id=\"46de1ae0\" data-element_type=\"column\">\n\t\t\t<div class=\"elementor-widget-wrap elementor-element-populated\">\n\t\t\t\t\t\t<div class=\"elementor-element elementor-element-7f5aacc6 elementor-widget elementor-widget-heading\" data-id=\"7f5aacc6\" data-element_type=\"widget\" data-widget_type=\"heading.default\">\n\t\t\t\t<div class=\"elementor-widget-container\">\n\t\t\t\t\t<h2 class=\"elementor-heading-title elementor-size-default\">APPROXIMATE TAXIMETER PRICE<\/h2>\t\t\t\t<\/div>\n\t\t\t\t<\/div>\n\t\t\t\t\t<\/div>\n\t\t<\/div>\n\t\t\t\t\t<\/div>\n\t\t<\/section>\n\t\t\t\t<section class=\"elementor-section elementor-top-section elementor-element elementor-element-410206cf elementor-section-boxed elementor-section-height-default elementor-section-height-default\" data-id=\"410206cf\" data-element_type=\"section\">\n\t\t\t\t\t\t<div class=\"elementor-container elementor-column-gap-default\">\n\t\t\t\t\t<div class=\"elementor-column elementor-col-100 elementor-top-column elementor-element elementor-element-1964f460\" data-id=\"1964f460\" data-element_type=\"column\">\n\t\t\t<div class=\"elementor-widget-wrap elementor-element-populated\">\n\t\t\t\t\t\t<div class=\"elementor-element elementor-element-7fe37ba elementor-align-center elementor-widget elementor-widget-button\" data-id=\"7fe37ba\" data-element_type=\"widget\" data-widget_type=\"button.default\">\n\t\t\t\t<div class=\"elementor-widget-container\">\n\t\t\t\t\t\t\t\t\t<div class=\"elementor-button-wrapper\">\n\t\t\t\t\t<a class=\"elementor-button elementor-button-link elementor-size-md\" href=\"http:\/\/www.taxin24torrevieja.com\/en\/book-taxi-airport-corvera-murcia-torrevieja\/\">\n\t\t\t\t\t\t<span class=\"elementor-button-content-wrapper\">\n\t\t\t\t\t\t\t\t\t<span class=\"elementor-button-text\">Booking contract for airport pick up. CORVERA MURCIA.<\/span>\n\t\t\t\t\t<\/span>\n\t\t\t\t\t<\/a>\n\t\t\t\t<\/div>\n\t\t\t\t\t\t\t\t<\/div>\n\t\t\t\t<\/div>\n\t\t\t\t\t<\/div>\n\t\t<\/div>\n\t\t\t\t\t<\/div>\n\t\t<\/section>\n\t\t\t\t<\/div>\n\t\t","protected":false},"excerpt":{"rendered":"<p>Airport service fees vary depending on pick up point or destination point within the Torrevieja area. There are three clearly different zones in the following map. They are Areas A, B and C. Area A:&nbsp;Comprises the whole area starting at Puente de la Sal up to Los Balcones, Rocio del Mar, Los Altos, Miramar I, &#8230; <a title=\"Airport service rates Corvera Murcia\" class=\"read-more\" href=\"https:\/\/www.taxin24torrevieja.com\/en\/airport-service-rates-corvera-murcia\/\" aria-label=\"More on Airport service rates Corvera Murcia\">Read more<\/a><\/p>\n","protected":false},"author":2,"featured_media":14319,"parent":0,"menu_order":0,"comment_status":"closed","ping_status":"closed","template":"","meta":{"footnotes":""},"class_list":{"0":"post-14386","1":"page","2":"type-page","3":"status-publish","4":"has-post-thumbnail","6":"no-featured-image-padding"},"_links":{"self":[{"href":"https:\/\/www.taxin24torrevieja.com\/en\/wp-json\/wp\/v2\/pages\/14386","targetHints":{"allow":["GET"]}}],"collection":[{"href":"https:\/\/www.taxin24torrevieja.com\/en\/wp-json\/wp\/v2\/pages"}],"about":[{"href":"https:\/\/www.taxin24torrevieja.com\/en\/wp-json\/wp\/v2\/types\/page"}],"author":[{"embeddable":true,"href":"https:\/\/www.taxin24torrevieja.com\/en\/wp-json\/wp\/v2\/users\/2"}],"replies":[{"embeddable":true,"href":"https:\/\/www.taxin24torrevieja.com\/en\/wp-json\/wp\/v2\/comments?post=14386"}],"version-history":[{"count":6,"href":"https:\/\/www.taxin24torrevieja.com\/en\/wp-json\/wp\/v2\/pages\/14386\/revisions"}],"predecessor-version":[{"id":14421,"href":"https:\/\/www.taxin24torrevieja.com\/en\/wp-json\/wp\/v2\/pages\/14386\/revisions\/14421"}],"wp:featuredmedia":[{"embeddable":true,"href":"https:\/\/www.taxin24torrevieja.com\/en\/wp-json\/wp\/v2\/media\/14319"}],"wp:attachment":[{"href":"https:\/\/www.taxin24torrevieja.com\/en\/wp-json\/wp\/v2\/media?parent=14386"}],"curies":[{"name":"wp","href":"https:\/\/api.w.org\/{rel}","templated":true}]}}