{"id":14409,"date":"2019-05-29T05:56:05","date_gmt":"2019-05-29T05:56:05","guid":{"rendered":"http:\/\/www.taxin24torrevieja.com\/airport-services-prices-manises-valencia\/"},"modified":"2019-05-29T10:16:48","modified_gmt":"2019-05-29T10:16:48","slug":"airport-services-prices-manises-valencia","status":"publish","type":"page","link":"https:\/\/www.taxin24torrevieja.com\/en\/airport-services-prices-manises-valencia\/","title":{"rendered":"Airport services prices Manises. Valencia."},"content":{"rendered":"\t\t<div data-elementor-type=\"wp-post\" data-elementor-id=\"14409\" class=\"elementor elementor-14409 elementor-13777\">\n\t\t\t\t\t\t<section class=\"elementor-section elementor-top-section elementor-element elementor-element-25173358 elementor-section-boxed elementor-section-height-default elementor-section-height-default\" data-id=\"25173358\" data-element_type=\"section\">\n\t\t\t\t\t\t<div class=\"elementor-container elementor-column-gap-default\">\n\t\t\t\t\t<div class=\"elementor-column elementor-col-100 elementor-top-column elementor-element elementor-element-570d9b2\" data-id=\"570d9b2\" data-element_type=\"column\">\n\t\t\t<div class=\"elementor-widget-wrap elementor-element-populated\">\n\t\t\t\t\t\t<div class=\"elementor-element elementor-element-69318f57 elementor-widget elementor-widget-image\" data-id=\"69318f57\" data-element_type=\"widget\" data-widget_type=\"image.default\">\n\t\t\t\t<div class=\"elementor-widget-container\">\n\t\t\t\t\t\t\t\t\t\t\t\t\t\t\t<img decoding=\"async\" width=\"471\" height=\"57\" src=\"https:\/\/www.taxin24torrevieja.com\/wp-content\/uploads\/2019\/04\/M\u00e9todos-de-pago-taxi-torrevieja.jpg\" class=\"attachment-medium_large size-medium_large wp-image-14312\" alt=\"Payment methods taxi torrevieja. Card and Paypal\" srcset=\"https:\/\/www.taxin24torrevieja.com\/wp-content\/uploads\/2019\/04\/M\u00e9todos-de-pago-taxi-torrevieja.jpg 471w, https:\/\/www.taxin24torrevieja.com\/wp-content\/uploads\/2019\/04\/M\u00e9todos-de-pago-taxi-torrevieja-300x36.jpg 300w\" sizes=\"(max-width: 471px) 100vw, 471px\" \/>\t\t\t\t\t\t\t\t\t\t\t\t\t\t\t<\/div>\n\t\t\t\t<\/div>\n\t\t\t\t\t<\/div>\n\t\t<\/div>\n\t\t\t\t\t<\/div>\n\t\t<\/section>\n\t\t\t\t<section class=\"elementor-section elementor-top-section elementor-element elementor-element-6dbc0466 elementor-section-boxed elementor-section-height-default elementor-section-height-default\" data-id=\"6dbc0466\" data-element_type=\"section\">\n\t\t\t\t\t\t<div class=\"elementor-container elementor-column-gap-default\">\n\t\t\t\t\t<div class=\"elementor-column elementor-col-100 elementor-top-column elementor-element elementor-element-f26938b\" data-id=\"f26938b\" data-element_type=\"column\">\n\t\t\t<div class=\"elementor-widget-wrap elementor-element-populated\">\n\t\t\t\t\t\t<div class=\"elementor-element elementor-element-cf3644a elementor-widget elementor-widget-text-editor\" data-id=\"cf3644a\" data-element_type=\"widget\" data-widget_type=\"text-editor.default\">\n\t\t\t\t<div class=\"elementor-widget-container\">\n\t\t\t\t\t\t\t\t\t<p>Airport service fees vary depending on pick-up or drop-off point within the Torrevieja area. There are three clearly different zones in the following map. They are Areas A, B and C. The fee to be charged will always be the one indicated by the taximeter.<\/p>\n\t\t\t\t\t\t\t\t<\/div>\n\t\t\t\t<\/div>\n\t\t\t\t\t<\/div>\n\t\t<\/div>\n\t\t\t\t\t<\/div>\n\t\t<\/section>\n\t\t\t\t<section class=\"elementor-section elementor-top-section elementor-element elementor-element-9a00c5f elementor-section-boxed elementor-section-height-default elementor-section-height-default\" data-id=\"9a00c5f\" data-element_type=\"section\">\n\t\t\t\t\t\t<div class=\"elementor-container elementor-column-gap-default\">\n\t\t\t\t\t<div class=\"elementor-column elementor-col-100 elementor-top-column elementor-element elementor-element-4d459b49\" data-id=\"4d459b49\" data-element_type=\"column\">\n\t\t\t<div class=\"elementor-widget-wrap elementor-element-populated\">\n\t\t\t\t\t\t<div class=\"elementor-element elementor-element-7da3792d elementor-widget elementor-widget-image\" data-id=\"7da3792d\" data-element_type=\"widget\" data-widget_type=\"image.default\">\n\t\t\t\t<div class=\"elementor-widget-container\">\n\t\t\t\t\t\t\t\t\t\t\t\t\t\t\t<img fetchpriority=\"high\" decoding=\"async\" width=\"800\" height=\"493\" src=\"https:\/\/www.taxin24torrevieja.com\/wp-content\/uploads\/2019\/05\/planotorreviejaalicanteAREASABC.jpg\" class=\"attachment-large size-large wp-image-14423\" alt=\"Map areas Torrevieja. Airport Manises Valencia and Elche Alicante Taxi Service\" srcset=\"https:\/\/www.taxin24torrevieja.com\/wp-content\/uploads\/2019\/05\/planotorreviejaalicanteAREASABC.jpg 800w, https:\/\/www.taxin24torrevieja.com\/wp-content\/uploads\/2019\/05\/planotorreviejaalicanteAREASABC-300x185.jpg 300w, https:\/\/www.taxin24torrevieja.com\/wp-content\/uploads\/2019\/05\/planotorreviejaalicanteAREASABC-768x473.jpg 768w\" sizes=\"(max-width: 800px) 100vw, 800px\" \/>\t\t\t\t\t\t\t\t\t\t\t\t\t\t\t<\/div>\n\t\t\t\t<\/div>\n\t\t\t\t\t<\/div>\n\t\t<\/div>\n\t\t\t\t\t<\/div>\n\t\t<\/section>\n\t\t\t\t<section class=\"elementor-section elementor-top-section elementor-element elementor-element-40f4827d elementor-section-boxed elementor-section-height-default elementor-section-height-default\" data-id=\"40f4827d\" data-element_type=\"section\">\n\t\t\t\t\t\t<div class=\"elementor-container elementor-column-gap-default\">\n\t\t\t\t\t<div class=\"elementor-column elementor-col-100 elementor-top-column elementor-element elementor-element-b3a1809\" data-id=\"b3a1809\" data-element_type=\"column\">\n\t\t\t<div class=\"elementor-widget-wrap elementor-element-populated\">\n\t\t\t\t\t\t<div class=\"elementor-element elementor-element-461dfd64 elementor-widget elementor-widget-text-editor\" data-id=\"461dfd64\" data-element_type=\"widget\" data-widget_type=\"text-editor.default\">\n\t\t\t\t<div class=\"elementor-widget-container\">\n\t\t\t\t\t\t\t\t\t<p><strong>Area A<\/strong>:\u00a0Comprises the whole area starting at Mar Azul up to Los Balcones, Rocio del Mar, Los Altos, Miramar I, Miramar II, mirador de los Balcones, Lago sol, Lago Jardin I II III and IV.<\/p>\n\t\t\t\t\t\t\t\t<\/div>\n\t\t\t\t<\/div>\n\t\t\t\t\t<\/div>\n\t\t<\/div>\n\t\t\t\t\t<\/div>\n\t\t<\/section>\n\t\t\t\t<section class=\"elementor-section elementor-top-section elementor-element elementor-element-49448b9c elementor-section-boxed elementor-section-height-default elementor-section-height-default\" data-id=\"49448b9c\" data-element_type=\"section\">\n\t\t\t\t\t\t<div class=\"elementor-container elementor-column-gap-default\">\n\t\t\t\t\t<div class=\"elementor-column elementor-col-100 elementor-top-column elementor-element elementor-element-4edff44c\" data-id=\"4edff44c\" data-element_type=\"column\">\n\t\t\t<div class=\"elementor-widget-wrap elementor-element-populated\">\n\t\t\t\t\t\t<div class=\"elementor-element elementor-element-47261eb0 elementor-widget elementor-widget-image\" data-id=\"47261eb0\" data-element_type=\"widget\" data-widget_type=\"image.default\">\n\t\t\t\t<div class=\"elementor-widget-container\">\n\t\t\t\t\t\t\t\t\t\t\t\t\t\t\t<img decoding=\"async\" width=\"800\" height=\"684\" src=\"https:\/\/www.taxin24torrevieja.com\/wp-content\/uploads\/2019\/05\/PlanotorreviejaalicanteAREAA.jpg\" class=\"attachment-large size-large wp-image-14425\" alt=\"Map areas Torrevieja. Airport Manises Valencia and Elche Alicante Taxi Service\" srcset=\"https:\/\/www.taxin24torrevieja.com\/wp-content\/uploads\/2019\/05\/PlanotorreviejaalicanteAREAA.jpg 800w, https:\/\/www.taxin24torrevieja.com\/wp-content\/uploads\/2019\/05\/PlanotorreviejaalicanteAREAA-300x257.jpg 300w, https:\/\/www.taxin24torrevieja.com\/wp-content\/uploads\/2019\/05\/PlanotorreviejaalicanteAREAA-768x657.jpg 768w\" sizes=\"(max-width: 800px) 100vw, 800px\" \/>\t\t\t\t\t\t\t\t\t\t\t\t\t\t\t<\/div>\n\t\t\t\t<\/div>\n\t\t\t\t\t<\/div>\n\t\t<\/div>\n\t\t\t\t\t<\/div>\n\t\t<\/section>\n\t\t\t\t<section class=\"elementor-section elementor-top-section elementor-element elementor-element-3bfa5040 elementor-section-boxed elementor-section-height-default elementor-section-height-default\" data-id=\"3bfa5040\" data-element_type=\"section\">\n\t\t\t\t\t\t<div class=\"elementor-container elementor-column-gap-default\">\n\t\t\t\t\t<div class=\"elementor-column elementor-col-100 elementor-top-column elementor-element elementor-element-3ca76952\" data-id=\"3ca76952\" data-element_type=\"column\">\n\t\t\t<div class=\"elementor-widget-wrap elementor-element-populated\">\n\t\t\t\t\t\t<div class=\"elementor-element elementor-element-6fea89ab elementor-widget elementor-widget-text-editor\" data-id=\"6fea89ab\" data-element_type=\"widget\" data-widget_type=\"text-editor.default\">\n\t\t\t\t<div class=\"elementor-widget-container\">\n\t\t\t\t\t\t\t\t\t<p><strong>Area B<\/strong>:\u00a0Comprises the whole coastal area starting at Mar Azul up to Torre del Moro, Torrevieja town centre, covering the following urbanisations: Aguas Nuevas, Altos de la Bah\u00eda, Balc\u00f3n de Torrevieja, Torreblanca Marina,Torreta I, Torreta II, Torreta III, Torreta Florida, Torrealmendros, Jard\u00edn del Mar, Do\u00f1a In\u00e9s, Los Altos del Limonar, La siesta, San Luis and el Limonar.<\/p>\n\t\t\t\t\t\t\t\t<\/div>\n\t\t\t\t<\/div>\n\t\t\t\t\t<\/div>\n\t\t<\/div>\n\t\t\t\t\t<\/div>\n\t\t<\/section>\n\t\t\t\t<section class=\"elementor-section elementor-top-section elementor-element elementor-element-40b059ed elementor-section-boxed elementor-section-height-default elementor-section-height-default\" data-id=\"40b059ed\" data-element_type=\"section\">\n\t\t\t\t\t\t<div class=\"elementor-container elementor-column-gap-default\">\n\t\t\t\t\t<div class=\"elementor-column elementor-col-100 elementor-top-column elementor-element elementor-element-5293ef26\" data-id=\"5293ef26\" data-element_type=\"column\">\n\t\t\t<div class=\"elementor-widget-wrap elementor-element-populated\">\n\t\t\t\t\t\t<div class=\"elementor-element elementor-element-3bf8c281 elementor-widget elementor-widget-image\" data-id=\"3bf8c281\" data-element_type=\"widget\" data-widget_type=\"image.default\">\n\t\t\t\t<div class=\"elementor-widget-container\">\n\t\t\t\t\t\t\t\t\t\t\t\t\t\t\t<img loading=\"lazy\" decoding=\"async\" width=\"800\" height=\"542\" src=\"https:\/\/www.taxin24torrevieja.com\/wp-content\/uploads\/2019\/05\/AREABIng.jpg\" class=\"attachment-large size-large wp-image-14427\" alt=\"Map areas Torrevieja. Airport Manises Valencia and Elche Alicante Taxi Service\" srcset=\"https:\/\/www.taxin24torrevieja.com\/wp-content\/uploads\/2019\/05\/AREABIng.jpg 800w, https:\/\/www.taxin24torrevieja.com\/wp-content\/uploads\/2019\/05\/AREABIng-300x203.jpg 300w, https:\/\/www.taxin24torrevieja.com\/wp-content\/uploads\/2019\/05\/AREABIng-768x520.jpg 768w\" sizes=\"(max-width: 800px) 100vw, 800px\" \/>\t\t\t\t\t\t\t\t\t\t\t\t\t\t\t<\/div>\n\t\t\t\t<\/div>\n\t\t\t\t\t<\/div>\n\t\t<\/div>\n\t\t\t\t\t<\/div>\n\t\t<\/section>\n\t\t\t\t<section class=\"elementor-section elementor-top-section elementor-element elementor-element-22f9e0eb elementor-section-boxed elementor-section-height-default elementor-section-height-default\" data-id=\"22f9e0eb\" data-element_type=\"section\">\n\t\t\t\t\t\t<div class=\"elementor-container elementor-column-gap-default\">\n\t\t\t\t\t<div class=\"elementor-column elementor-col-100 elementor-top-column elementor-element elementor-element-66e99b6e\" data-id=\"66e99b6e\" data-element_type=\"column\">\n\t\t\t<div class=\"elementor-widget-wrap elementor-element-populated\">\n\t\t\t\t\t\t<div class=\"elementor-element elementor-element-7eee2b0f elementor-widget elementor-widget-text-editor\" data-id=\"7eee2b0f\" data-element_type=\"widget\" data-widget_type=\"text-editor.default\">\n\t\t\t\t<div class=\"elementor-widget-container\">\n\t\t\t\t\t\t\t\t\t<p><strong>Area C<\/strong>:\u00a0Comprises the coastal area from the Masa Hotel and Torre del Moro up to the area of La Mata. This also includes the following urbanisations: Lomas de Mar, Parque mar I II III IV y V, and Puerto Romano.<\/p>\n\t\t\t\t\t\t\t\t<\/div>\n\t\t\t\t<\/div>\n\t\t\t\t\t<\/div>\n\t\t<\/div>\n\t\t\t\t\t<\/div>\n\t\t<\/section>\n\t\t\t\t<section class=\"elementor-section elementor-top-section elementor-element elementor-element-68cfbc20 elementor-section-boxed elementor-section-height-default elementor-section-height-default\" data-id=\"68cfbc20\" data-element_type=\"section\">\n\t\t\t\t\t\t<div class=\"elementor-container elementor-column-gap-default\">\n\t\t\t\t\t<div class=\"elementor-column elementor-col-100 elementor-top-column elementor-element elementor-element-338a3119\" data-id=\"338a3119\" data-element_type=\"column\">\n\t\t\t<div class=\"elementor-widget-wrap elementor-element-populated\">\n\t\t\t\t\t\t<div class=\"elementor-element elementor-element-7eef6616 elementor-widget elementor-widget-image\" data-id=\"7eef6616\" data-element_type=\"widget\" data-widget_type=\"image.default\">\n\t\t\t\t<div class=\"elementor-widget-container\">\n\t\t\t\t\t\t\t\t\t\t\t\t\t\t\t<img loading=\"lazy\" decoding=\"async\" width=\"774\" height=\"1024\" src=\"https:\/\/www.taxin24torrevieja.com\/wp-content\/uploads\/2019\/05\/planotorreviejaalicanteAREACII-774x1024.jpg\" class=\"attachment-large size-large wp-image-14429\" alt=\"Map areas Torrevieja. Airport Manises Valencia and Elche Alicante Taxi Service\" srcset=\"https:\/\/www.taxin24torrevieja.com\/wp-content\/uploads\/2019\/05\/planotorreviejaalicanteAREACII-774x1024.jpg 774w, https:\/\/www.taxin24torrevieja.com\/wp-content\/uploads\/2019\/05\/planotorreviejaalicanteAREACII-227x300.jpg 227w, https:\/\/www.taxin24torrevieja.com\/wp-content\/uploads\/2019\/05\/planotorreviejaalicanteAREACII-768x1017.jpg 768w, https:\/\/www.taxin24torrevieja.com\/wp-content\/uploads\/2019\/05\/planotorreviejaalicanteAREACII.jpg 800w\" sizes=\"(max-width: 774px) 100vw, 774px\" \/>\t\t\t\t\t\t\t\t\t\t\t\t\t\t\t<\/div>\n\t\t\t\t<\/div>\n\t\t\t\t\t<\/div>\n\t\t<\/div>\n\t\t\t\t\t<\/div>\n\t\t<\/section>\n\t\t\t\t<section class=\"elementor-section elementor-top-section elementor-element elementor-element-6229fea3 elementor-section-boxed elementor-section-height-default elementor-section-height-default\" data-id=\"6229fea3\" data-element_type=\"section\">\n\t\t\t\t\t\t<div class=\"elementor-container elementor-column-gap-default\">\n\t\t\t\t\t<div class=\"elementor-column elementor-col-100 elementor-top-column elementor-element elementor-element-443476fd\" data-id=\"443476fd\" data-element_type=\"column\">\n\t\t\t<div class=\"elementor-widget-wrap\">\n\t\t\t\t\t\t\t<\/div>\n\t\t<\/div>\n\t\t\t\t\t<\/div>\n\t\t<\/section>\n\t\t\t\t<section class=\"elementor-section elementor-top-section elementor-element elementor-element-21828fbb elementor-section-boxed elementor-section-height-default elementor-section-height-default\" data-id=\"21828fbb\" data-element_type=\"section\">\n\t\t\t\t\t\t<div class=\"elementor-container elementor-column-gap-default\">\n\t\t\t\t\t<div class=\"elementor-column elementor-col-100 elementor-top-column elementor-element elementor-element-6ae3516a\" data-id=\"6ae3516a\" data-element_type=\"column\">\n\t\t\t<div class=\"elementor-widget-wrap elementor-element-populated\">\n\t\t\t\t\t\t<div class=\"elementor-element elementor-element-1c05e676 elementor-widget elementor-widget-shortcode\" data-id=\"1c05e676\" data-element_type=\"widget\" data-widget_type=\"shortcode.default\">\n\t\t\t\t<div class=\"elementor-widget-container\">\n\t\t\t\t\t\t\t<div class=\"elementor-shortcode\">\n<table id=\"tablepress-5\" class=\"tablepress tablepress-id-5\">\n<tbody class=\"row-hover\">\n<tr class=\"row-1\">\n\t<td class=\"column-1\"><\/td><td class=\"column-2\"><b><center><p style=\"color:#3056bf\";>DAY<\/p><\/center><\/b><\/td><td class=\"column-3\"><b><center><p style=\"color:#3056bf\";>NIGHT &amp; BANK H.<\/p><\/center><\/b><\/td>\n<\/tr>\n<tr class=\"row-2\">\n\t<td class=\"column-1\"><b><center><p style=\"color:#3056bf\";>AREA A<\/p><\/center><\/b><\/td><td class=\"column-2\"><b><center><p style=\"color:#ff0000\";>345 \u20ac<\/p><\/center><\/b><\/td><td class=\"column-3\"><b><center><p style=\"color:#ff0000\";>395 \u20ac<\/p><\/center><\/b><\/td>\n<\/tr>\n<tr class=\"row-3\">\n\t<td class=\"column-1\"><b><center><p style=\"color:#3056bf\";>AREA B<\/p><\/center><\/b><\/td><td class=\"column-2\"><b><center><p style=\"color:#ff0000\";>335 \u20ac<\/p><\/center><\/b><\/td><td class=\"column-3\"><b><center><p style=\"color:#ff0000\";>385 \u20ac<\/p><\/center><\/b><\/td>\n<\/tr>\n<tr class=\"row-4\">\n\t<td class=\"column-1\"><b><center><p style=\"color:#3056bf\";>AREA C<\/p><\/center><\/b><\/td><td class=\"column-2\"><b><center><p style=\"color:#ff0000\";>325 \u20ac<\/p><\/center><\/b><\/td><td class=\"column-3\"><b><center><p style=\"color:#ff0000\";>375 \u20ac<\/p><\/center><\/b><\/td>\n<\/tr>\n<\/tbody>\n<\/table>\n<!-- #tablepress-5 from cache --><\/div>\n\t\t\t\t\t\t<\/div>\n\t\t\t\t<\/div>\n\t\t\t\t\t<\/div>\n\t\t<\/div>\n\t\t\t\t\t<\/div>\n\t\t<\/section>\n\t\t\t\t<section class=\"elementor-section elementor-top-section elementor-element elementor-element-6ef38ec elementor-section-boxed elementor-section-height-default elementor-section-height-default\" data-id=\"6ef38ec\" data-element_type=\"section\">\n\t\t\t\t\t\t<div class=\"elementor-container elementor-column-gap-default\">\n\t\t\t\t\t<div class=\"elementor-column elementor-col-100 elementor-top-column elementor-element elementor-element-2680e10b\" data-id=\"2680e10b\" data-element_type=\"column\">\n\t\t\t<div class=\"elementor-widget-wrap elementor-element-populated\">\n\t\t\t\t\t\t<div class=\"elementor-element elementor-element-6582f18a elementor-widget elementor-widget-heading\" data-id=\"6582f18a\" data-element_type=\"widget\" data-widget_type=\"heading.default\">\n\t\t\t\t<div class=\"elementor-widget-container\">\n\t\t\t\t\t<h2 class=\"elementor-heading-title elementor-size-default\">APPROXIMATE TAXIMETER PRICE<\/h2>\t\t\t\t<\/div>\n\t\t\t\t<\/div>\n\t\t\t\t\t<\/div>\n\t\t<\/div>\n\t\t\t\t\t<\/div>\n\t\t<\/section>\n\t\t\t\t<section class=\"elementor-section elementor-top-section elementor-element elementor-element-223c4e67 elementor-section-boxed elementor-section-height-default elementor-section-height-default\" data-id=\"223c4e67\" data-element_type=\"section\">\n\t\t\t\t\t\t<div class=\"elementor-container elementor-column-gap-default\">\n\t\t\t\t\t<div class=\"elementor-column elementor-col-100 elementor-top-column elementor-element elementor-element-7998bba0\" data-id=\"7998bba0\" data-element_type=\"column\">\n\t\t\t<div class=\"elementor-widget-wrap elementor-element-populated\">\n\t\t\t\t\t\t<div class=\"elementor-element elementor-element-700ee49d elementor-align-center elementor-widget elementor-widget-button\" data-id=\"700ee49d\" data-element_type=\"widget\" data-widget_type=\"button.default\">\n\t\t\t\t<div class=\"elementor-widget-container\">\n\t\t\t\t\t\t\t\t\t<div class=\"elementor-button-wrapper\">\n\t\t\t\t\t<a class=\"elementor-button elementor-button-link elementor-size-md\" href=\"http:\/\/www.taxin24torrevieja.com\/en\/book-taxi-airport-manises-valencia-torrevieja\/\">\n\t\t\t\t\t\t<span class=\"elementor-button-content-wrapper\">\n\t\t\t\t\t\t\t\t\t<span class=\"elementor-button-text\">Reservation Contract for airport pick-up in MANISES VALENCIA.<\/span>\n\t\t\t\t\t<\/span>\n\t\t\t\t\t<\/a>\n\t\t\t\t<\/div>\n\t\t\t\t\t\t\t\t<\/div>\n\t\t\t\t<\/div>\n\t\t\t\t\t<\/div>\n\t\t<\/div>\n\t\t\t\t\t<\/div>\n\t\t<\/section>\n\t\t\t\t<\/div>\n\t\t","protected":false},"excerpt":{"rendered":"<p>Airport service fees vary depending on pick-up or drop-off point within the Torrevieja area. There are three clearly different zones in the following map. They are Areas A, B and C. The fee to be charged will always be the one indicated by the taximeter. Area A:&nbsp;Comprises the whole area starting at Mar Azul up &#8230; <a title=\"Airport services prices Manises. Valencia.\" class=\"read-more\" href=\"https:\/\/www.taxin24torrevieja.com\/en\/airport-services-prices-manises-valencia\/\" aria-label=\"More on Airport services prices Manises. Valencia.\">Read more<\/a><\/p>\n","protected":false},"author":2,"featured_media":14320,"parent":0,"menu_order":0,"comment_status":"closed","ping_status":"closed","template":"","meta":{"footnotes":""},"class_list":{"0":"post-14409","1":"page","2":"type-page","3":"status-publish","4":"has-post-thumbnail","6":"no-featured-image-padding"},"_links":{"self":[{"href":"https:\/\/www.taxin24torrevieja.com\/en\/wp-json\/wp\/v2\/pages\/14409","targetHints":{"allow":["GET"]}}],"collection":[{"href":"https:\/\/www.taxin24torrevieja.com\/en\/wp-json\/wp\/v2\/pages"}],"about":[{"href":"https:\/\/www.taxin24torrevieja.com\/en\/wp-json\/wp\/v2\/types\/page"}],"author":[{"embeddable":true,"href":"https:\/\/www.taxin24torrevieja.com\/en\/wp-json\/wp\/v2\/users\/2"}],"replies":[{"embeddable":true,"href":"https:\/\/www.taxin24torrevieja.com\/en\/wp-json\/wp\/v2\/comments?post=14409"}],"version-history":[{"count":5,"href":"https:\/\/www.taxin24torrevieja.com\/en\/wp-json\/wp\/v2\/pages\/14409\/revisions"}],"predecessor-version":[{"id":14437,"href":"https:\/\/www.taxin24torrevieja.com\/en\/wp-json\/wp\/v2\/pages\/14409\/revisions\/14437"}],"wp:featuredmedia":[{"embeddable":true,"href":"https:\/\/www.taxin24torrevieja.com\/en\/wp-json\/wp\/v2\/media\/14320"}],"wp:attachment":[{"href":"https:\/\/www.taxin24torrevieja.com\/en\/wp-json\/wp\/v2\/media?parent=14409"}],"curies":[{"name":"wp","href":"https:\/\/api.w.org\/{rel}","templated":true}]}}